{"id":50374,"date":"2023-04-30T13:35:24","date_gmt":"2023-04-30T11:35:24","guid":{"rendered":"https:\/\/slodhcup.pumptrack.si\/novice\/"},"modified":"2023-06-26T18:26:28","modified_gmt":"2023-06-26T16:26:28","slug":"news","status":"publish","type":"page","link":"https:\/\/slodhcup.pumptrack.si\/en\/","title":{"rendered":"News"},"content":{"rendered":"\t\t<div data-elementor-type=\"wp-page\" data-elementor-id=\"50374\" class=\"elementor elementor-50374\">\n\t\t\t\t\t\t\t\t\t<section class=\"elementor-section elementor-top-section elementor-element elementor-element-2e9b2b9 news ct-section-stretched elementor-section-full_width elementor-section-height-default elementor-section-height-default wpr-particle-no wpr-jarallax-no wpr-parallax-no wpr-sticky-section-no\" data-id=\"2e9b2b9\" data-element_type=\"section\">\n\t\t\t\t\t\t<div class=\"elementor-container elementor-column-gap-no\">\n\t\t\t\t\t<div class=\"elementor-column elementor-col-100 elementor-top-column elementor-element elementor-element-4227094\" data-id=\"4227094\" data-element_type=\"column\">\n\t\t\t<div class=\"elementor-widget-wrap elementor-element-populated\">\n\t\t\t\t\t\t\t\t<div class=\"elementor-element elementor-element-63d3685 premium-blog-align-left elementor-widget elementor-widget-premium-addon-blog\" data-id=\"63d3685\" data-element_type=\"widget\" data-settings=\"{&quot;premium_blog_columns_number&quot;:&quot;100%&quot;,&quot;premium_blog_grid&quot;:&quot;yes&quot;,&quot;premium_blog_layout&quot;:&quot;even&quot;,&quot;premium_blog_columns_number_tablet&quot;:&quot;50%&quot;,&quot;premium_blog_columns_number_mobile&quot;:&quot;100%&quot;}\" data-widget_type=\"premium-addon-blog.default\">\n\t\t\t\t<div class=\"elementor-widget-container\">\n\t\t\t\r\n\t\t\t\t<div class=\"premium-blog-wrap  premium-blog-even\" data-page=\"50374\" data-pagination=\"true\">\r\n\t\t\t\t\t<div class=\"premium-blog-post-outer-container\" data-total=\"27\">\r\n\t\t\t<div class=\"premium-blog-post-container premium-blog-skin-classic\">\r\n\t\t\t\t\t\t\t\t\t<div class=\"premium-blog-thumb-effect-wrapper\">\r\n\t\t\t\t\t\t<div class=\"premium-blog-thumbnail-container premium-blog-zoomin-effect\">\r\n\t\t\t\t\t\t\t<img decoding=\"async\" width=\"1280\" height=\"668\" src=\"https:\/\/slodhcup.pumptrack.si\/wp-content\/uploads\/2026\/03\/260304_20chocDHCup2026-JureKranjec_1300px-1280x668.jpg\" class=\"attachment-large size-large wp-image-61516\" alt=\"20chocolate downhill cup 2026\" loading=\"lazy\" srcset=\"https:\/\/slodhcup.pumptrack.si\/wp-content\/uploads\/2026\/03\/260304_20chocDHCup2026-JureKranjec_1300px-1280x668.jpg 1280w, https:\/\/slodhcup.pumptrack.si\/wp-content\/uploads\/2026\/03\/260304_20chocDHCup2026-JureKranjec_1300px-640x334.jpg 640w, https:\/\/slodhcup.pumptrack.si\/wp-content\/uploads\/2026\/03\/260304_20chocDHCup2026-JureKranjec_1300px-768x401.jpg 768w, https:\/\/slodhcup.pumptrack.si\/wp-content\/uploads\/2026\/03\/260304_20chocDHCup2026-JureKranjec_1300px.jpg 1300w\" sizes=\"(max-width: 1280px) 100vw, 1280px\" \/>\t\t\t\t\t\t<\/div>\r\n\t\t\t\t\t\t\t\t\t\t\t\t\t<div class=\"premium-blog-thumbnail-overlay\">\r\n\t\t\t\t\t\t\t\t<a class=\"elementor-icon\" href=\"https:\/\/slodhcup.pumptrack.si\/en\/2026\/2026-20chocolate-downhill-cup-at-four-familiar-venues-one-new\/\" target=\"_self\" aria-hidden=\"true\"><span>2026 20chocolate Downhill Cup at Four Familiar Venues, One New<\/span><\/a>\r\n\t\t\t\t\t\t\t<\/div>\r\n\t\t\t\t\t\t\t\t\t\t\t<\/div>\r\n\t\t\t\t\t\t\t\t\t\t\t\t<div class=\"premium-blog-content-wrapper \">\r\n\r\n\t\t\t\t\t<div class=\"premium-blog-inner-container\">\r\n\r\n\t\t\t\t\t\t\t\t\t\t\t\t\t\t<h4 class=\"premium-blog-entry-title\">\r\n\t\t\t<a href=\"https:\/\/slodhcup.pumptrack.si\/en\/2026\/2026-20chocolate-downhill-cup-at-four-familiar-venues-one-new\/\" target=\"_self\">\r\n\t\t\t\t2026 20chocolate Downhill Cup at Four Familiar Venues, One New\t\t\t<\/a>\r\n\t\t<\/h4>\r\n\t\t\t\t<div class=\"premium-blog-entry-meta\">\r\n\t\t\t\r\n\t\t\t\t\t\t\t<span class=\"premium-blog-meta-separator\">\u2022<\/span>\r\n\t\t\t\t<div class=\"premium-blog-post-time premium-blog-meta-data\">\r\n\t\t\t\t\t<i class=\"fa fa-clock-o\" aria-hidden=\"true\"><\/i>\r\n\t\t\t\t\t<span>04.03.2026<\/span>\r\n\t\t\t\t<\/div>\r\n\t\t\t\r\n\t\t\t\r\n\t\t\t\t\t<\/div>\r\n\t\t\r\n\t\t\t\t\t<\/div>\r\n\r\n\t\t\t\t\t<p class=\"premium-blog-post-content\">The Slovenian Downhill Cup will take place from June to September this year. This is the fourth season under the name of the Slovenian quality chocolate brand.<\/p>\t\t\t\t\t\r\n\t\t\t\t<\/div>\r\n\t\t\t<\/div>\r\n\t\t<\/div>\r\n\r\n\t\t\t\t<div class=\"premium-blog-post-outer-container\" data-total=\"27\">\r\n\t\t\t<div class=\"premium-blog-post-container premium-blog-skin-classic\">\r\n\t\t\t\t\t\t\t\t\t<div class=\"premium-blog-thumb-effect-wrapper\">\r\n\t\t\t\t\t\t<div class=\"premium-blog-thumbnail-container premium-blog-zoomin-effect\">\r\n\t\t\t\t\t\t\t<img decoding=\"async\" width=\"1280\" height=\"669\" src=\"https:\/\/slodhcup.pumptrack.si\/wp-content\/uploads\/2025\/11\/OGK-pokalna-podelitev-2025-0-1280x669.jpg\" class=\"attachment-large size-large wp-image-61477\" alt=\"\" loading=\"lazy\" srcset=\"https:\/\/slodhcup.pumptrack.si\/wp-content\/uploads\/2025\/11\/OGK-pokalna-podelitev-2025-0-1280x669.jpg 1280w, https:\/\/slodhcup.pumptrack.si\/wp-content\/uploads\/2025\/11\/OGK-pokalna-podelitev-2025-0-640x334.jpg 640w, https:\/\/slodhcup.pumptrack.si\/wp-content\/uploads\/2025\/11\/OGK-pokalna-podelitev-2025-0-768x401.jpg 768w, https:\/\/slodhcup.pumptrack.si\/wp-content\/uploads\/2025\/11\/OGK-pokalna-podelitev-2025-0.jpg 1300w\" sizes=\"(max-width: 1280px) 100vw, 1280px\" \/>\t\t\t\t\t\t<\/div>\r\n\t\t\t\t\t\t\t\t\t\t\t\t\t<div class=\"premium-blog-thumbnail-overlay\">\r\n\t\t\t\t\t\t\t\t<a class=\"elementor-icon\" href=\"https:\/\/slodhcup.pumptrack.si\/en\/2025\/v-kranju-podelili-nagrade-najboljsim-v-sezoni\/\" target=\"_self\" aria-hidden=\"true\"><span>Trophies Presented to Best of 2025 Season<\/span><\/a>\r\n\t\t\t\t\t\t\t<\/div>\r\n\t\t\t\t\t\t\t\t\t\t\t<\/div>\r\n\t\t\t\t\t\t\t\t\t\t\t\t<div class=\"premium-blog-content-wrapper \">\r\n\r\n\t\t\t\t\t<div class=\"premium-blog-inner-container\">\r\n\r\n\t\t\t\t\t\t\t\t\t\t\t\t\t\t<h4 class=\"premium-blog-entry-title\">\r\n\t\t\t<a href=\"https:\/\/slodhcup.pumptrack.si\/en\/2025\/v-kranju-podelili-nagrade-najboljsim-v-sezoni\/\" target=\"_self\">\r\n\t\t\t\tTrophies Presented to Best of 2025 Season\t\t\t<\/a>\r\n\t\t<\/h4>\r\n\t\t\t\t<div class=\"premium-blog-entry-meta\">\r\n\t\t\t\r\n\t\t\t\t\t\t\t<span class=\"premium-blog-meta-separator\">\u2022<\/span>\r\n\t\t\t\t<div class=\"premium-blog-post-time premium-blog-meta-data\">\r\n\t\t\t\t\t<i class=\"fa fa-clock-o\" aria-hidden=\"true\"><\/i>\r\n\t\t\t\t\t<span>10.11.2025<\/span>\r\n\t\t\t\t<\/div>\r\n\t\t\t\r\n\t\t\t\r\n\t\t\t\t\t<\/div>\r\n\t\t\r\n\t\t\t\t\t<\/div>\r\n\r\n\t\t\t\t\t<p class=\"premium-blog-post-content\">The Slovenian national series in cross-country, downhill, enduro, pump track, and BMX racing traditionally conclude with a joint awards ceremony for the best competitors, which took place for the third \u2026<\/p>\t\t\t\t\t\r\n\t\t\t\t<\/div>\r\n\t\t\t<\/div>\r\n\t\t<\/div>\r\n\r\n\t\t\t\t<div class=\"premium-blog-post-outer-container\" data-total=\"27\">\r\n\t\t\t<div class=\"premium-blog-post-container premium-blog-skin-classic\">\r\n\t\t\t\t\t\t\t\t\t<div class=\"premium-blog-thumb-effect-wrapper\">\r\n\t\t\t\t\t\t<div class=\"premium-blog-thumbnail-container premium-blog-zoomin-effect\">\r\n\t\t\t\t\t\t\t<img decoding=\"async\" width=\"1280\" height=\"641\" src=\"https:\/\/slodhcup.pumptrack.si\/wp-content\/uploads\/2025\/10\/251029_ogkpodelitev-1280x641.jpg\" class=\"attachment-large size-large wp-image-61466\" alt=\"\" loading=\"lazy\" srcset=\"https:\/\/slodhcup.pumptrack.si\/wp-content\/uploads\/2025\/10\/251029_ogkpodelitev-1280x641.jpg 1280w, https:\/\/slodhcup.pumptrack.si\/wp-content\/uploads\/2025\/10\/251029_ogkpodelitev-640x320.jpg 640w, https:\/\/slodhcup.pumptrack.si\/wp-content\/uploads\/2025\/10\/251029_ogkpodelitev-768x385.jpg 768w, https:\/\/slodhcup.pumptrack.si\/wp-content\/uploads\/2025\/10\/251029_ogkpodelitev.jpg 1300w\" sizes=\"(max-width: 1280px) 100vw, 1280px\" \/>\t\t\t\t\t\t<\/div>\r\n\t\t\t\t\t\t\t\t\t\t\t\t\t<div class=\"premium-blog-thumbnail-overlay\">\r\n\t\t\t\t\t\t\t\t<a class=\"elementor-icon\" href=\"https:\/\/slodhcup.pumptrack.si\/en\/2025\/podelitev-priznanj-najboljsim-9-novembra-v-kranju\/\" target=\"_self\" aria-hidden=\"true\"><span>Overall Awards Ceremony on November 9 in Kranj<\/span><\/a>\r\n\t\t\t\t\t\t\t<\/div>\r\n\t\t\t\t\t\t\t\t\t\t\t<\/div>\r\n\t\t\t\t\t\t\t\t\t\t\t\t<div class=\"premium-blog-content-wrapper \">\r\n\r\n\t\t\t\t\t<div class=\"premium-blog-inner-container\">\r\n\r\n\t\t\t\t\t\t\t\t\t\t\t\t\t\t<h4 class=\"premium-blog-entry-title\">\r\n\t\t\t<a href=\"https:\/\/slodhcup.pumptrack.si\/en\/2025\/podelitev-priznanj-najboljsim-9-novembra-v-kranju\/\" target=\"_self\">\r\n\t\t\t\tOverall Awards Ceremony on November 9 in Kranj\t\t\t<\/a>\r\n\t\t<\/h4>\r\n\t\t\t\t<div class=\"premium-blog-entry-meta\">\r\n\t\t\t\r\n\t\t\t\t\t\t\t<span class=\"premium-blog-meta-separator\">\u2022<\/span>\r\n\t\t\t\t<div class=\"premium-blog-post-time premium-blog-meta-data\">\r\n\t\t\t\t\t<i class=\"fa fa-clock-o\" aria-hidden=\"true\"><\/i>\r\n\t\t\t\t\t<span>29.10.2025<\/span>\r\n\t\t\t\t<\/div>\r\n\t\t\t\r\n\t\t\t\r\n\t\t\t\t\t<\/div>\r\n\t\t\r\n\t\t\t\t\t<\/div>\r\n\r\n\t\t\t\t\t<p class=\"premium-blog-post-content\">The Slovenian mountain biking season came to an end last Saturday with the Pumpaj Slovenia \u2013 Telekom Slovenije pump track series race in \u0160empeter pri Gorici. The Mountain Biking and \u2026<\/p>\t\t\t\t\t\r\n\t\t\t\t<\/div>\r\n\t\t\t<\/div>\r\n\t\t<\/div>\r\n\r\n\t\t\t\t<div class=\"premium-blog-post-outer-container\" data-total=\"27\">\r\n\t\t\t<div class=\"premium-blog-post-container premium-blog-skin-classic\">\r\n\t\t\t\t\t\t\t\t\t<div class=\"premium-blog-thumb-effect-wrapper\">\r\n\t\t\t\t\t\t<div class=\"premium-blog-thumbnail-container premium-blog-zoomin-effect\">\r\n\t\t\t\t\t\t\t<img decoding=\"async\" width=\"1280\" height=\"853\" src=\"https:\/\/slodhcup.pumptrack.si\/wp-content\/uploads\/2025\/10\/DHSljeme25_6juras-1-1280x853.jpg\" class=\"attachment-large size-large wp-image-61154\" alt=\"\u0161imun juras\" loading=\"lazy\" srcset=\"https:\/\/slodhcup.pumptrack.si\/wp-content\/uploads\/2025\/10\/DHSljeme25_6juras-1-1280x853.jpg 1280w, https:\/\/slodhcup.pumptrack.si\/wp-content\/uploads\/2025\/10\/DHSljeme25_6juras-1-640x426.jpg 640w, https:\/\/slodhcup.pumptrack.si\/wp-content\/uploads\/2025\/10\/DHSljeme25_6juras-1-768x512.jpg 768w, https:\/\/slodhcup.pumptrack.si\/wp-content\/uploads\/2025\/10\/DHSljeme25_6juras-1.jpg 1300w\" sizes=\"(max-width: 1280px) 100vw, 1280px\" \/>\t\t\t\t\t\t<\/div>\r\n\t\t\t\t\t\t\t\t\t\t\t\t\t<div class=\"premium-blog-thumbnail-overlay\">\r\n\t\t\t\t\t\t\t\t<a class=\"elementor-icon\" href=\"https:\/\/slodhcup.pumptrack.si\/en\/2025\/dh-sljeme-dh-sljeme-series-champions-and-croatian-champions-decided-in-rain\/\" target=\"_self\" aria-hidden=\"true\"><span>DH Sljeme: DH Sljeme: Series Champions and Croatian Champions Decided in Rain<\/span><\/a>\r\n\t\t\t\t\t\t\t<\/div>\r\n\t\t\t\t\t\t\t\t\t\t\t<\/div>\r\n\t\t\t\t\t\t\t\t\t\t\t\t<div class=\"premium-blog-content-wrapper \">\r\n\r\n\t\t\t\t\t<div class=\"premium-blog-inner-container\">\r\n\r\n\t\t\t\t\t\t\t\t\t\t\t\t\t\t<h4 class=\"premium-blog-entry-title\">\r\n\t\t\t<a href=\"https:\/\/slodhcup.pumptrack.si\/en\/2025\/dh-sljeme-dh-sljeme-series-champions-and-croatian-champions-decided-in-rain\/\" target=\"_self\">\r\n\t\t\t\tDH Sljeme: DH Sljeme: Series Champions and Croatian Champions Decided in Rain\t\t\t<\/a>\r\n\t\t<\/h4>\r\n\t\t\t\t<div class=\"premium-blog-entry-meta\">\r\n\t\t\t\r\n\t\t\t\t\t\t\t<span class=\"premium-blog-meta-separator\">\u2022<\/span>\r\n\t\t\t\t<div class=\"premium-blog-post-time premium-blog-meta-data\">\r\n\t\t\t\t\t<i class=\"fa fa-clock-o\" aria-hidden=\"true\"><\/i>\r\n\t\t\t\t\t<span>06.10.2025<\/span>\r\n\t\t\t\t<\/div>\r\n\t\t\t\r\n\t\t\t\r\n\t\t\t\t\t<\/div>\r\n\t\t\r\n\t\t\t\t\t<\/div>\r\n\r\n\t\t\t\t\t<p class=\"premium-blog-post-content\">Since the Sljeme track was revived, the Slovenian DH Cup has had mixed luck with the weather there \u2013 twice it was dry and twice it was wet, every other \u2026<\/p>\t\t\t\t\t\r\n\t\t\t\t<\/div>\r\n\t\t\t<\/div>\r\n\t\t<\/div>\r\n\r\n\t\t\t\t<\/div>\r\n\r\n\t\t\t\t<div class=\"premium-blog-footer\">\r\n\t\t\t\t\t<nav class=\"premium-blog-pagination-container\" role=\"navigation\" aria-label=\"Pagination\">\r\n\t\t\t<span class=\"page-numbers current\">1<\/span>\n<a class=\"page-numbers\" href=\"https:\/\/slodhcup.pumptrack.si\/en\/wp-json\/wp\/v2\/pages\/50374\/page\/2\/\">2<\/a>\n<a class=\"page-numbers\" href=\"https:\/\/slodhcup.pumptrack.si\/en\/wp-json\/wp\/v2\/pages\/50374\/page\/3\/\">3<\/a>\n<span class=\"page-numbers dots\">&hellip;<\/span>\n<a class=\"page-numbers\" href=\"https:\/\/slodhcup.pumptrack.si\/en\/wp-json\/wp\/v2\/pages\/50374\/page\/27\/\">27<\/a>\n<a class=\"next page-numbers\" href=\"https:\/\/slodhcup.pumptrack.si\/en\/wp-json\/wp\/v2\/pages\/50374\/page\/2\/\"> \u00bb<\/a>\t\t<\/nav>\r\n\t\t\t\t<\/div>\r\n\t\t\t\t\t<\/div>\n\t\t\t\t<\/div>\n\t\t\t\t\t<\/div>\n\t\t<\/div>\n\t\t\t\t\t\t\t<\/div>\n\t\t<\/section>\n\t\t\t\t<section class=\"elementor-section elementor-top-section elementor-element elementor-element-cc76b1f elementor-section-boxed elementor-section-height-default elementor-section-height-default wpr-particle-no wpr-jarallax-no wpr-parallax-no wpr-sticky-section-no\" data-id=\"cc76b1f\" data-element_type=\"section\">\n\t\t\t\t\t\t<div class=\"elementor-container elementor-column-gap-default\">\n\t\t\t\t\t<div class=\"elementor-column elementor-col-100 elementor-top-column elementor-element elementor-element-d177583\" data-id=\"d177583\" data-element_type=\"column\">\n\t\t\t<div class=\"elementor-widget-wrap elementor-element-populated\">\n\t\t\t\t\t\t\t\t<div class=\"elementor-element elementor-element-24bc460 elementor-widget elementor-widget-text-editor\" data-id=\"24bc460\" data-element_type=\"widget\" data-widget_type=\"text-editor.default\">\n\t\t\t\t<div class=\"elementor-widget-container\">\n\t\t\t<style>\/*! elementor - v3.12.2 - 23-04-2023 *\/\n.elementor-widget-text-editor.elementor-drop-cap-view-stacked .elementor-drop-cap{background-color:#69727d;color:#fff}.elementor-widget-text-editor.elementor-drop-cap-view-framed .elementor-drop-cap{color:#69727d;border:3px solid;background-color:transparent}.elementor-widget-text-editor:not(.elementor-drop-cap-view-default) .elementor-drop-cap{margin-top:8px}.elementor-widget-text-editor:not(.elementor-drop-cap-view-default) .elementor-drop-cap-letter{width:1em;height:1em}.elementor-widget-text-editor .elementor-drop-cap{float:left;text-align:center;line-height:1;font-size:50px}.elementor-widget-text-editor .elementor-drop-cap-letter{display:inline-block}<\/style>\t\t\t\t<div id=\"instagram-images\"><\/div>\t\t\t\t\t\t<\/div>\n\t\t\t\t<\/div>\n\t\t\t\t\t<\/div>\n\t\t<\/div>\n\t\t\t\t\t\t\t<\/div>\n\t\t<\/section>\n\t\t\t\t\t\t\t<\/div>\n\t\t","protected":false},"excerpt":{"rendered":"<p>Downhill Kamnik se \u017eal (\u0161e) ne vrne Downhill Kamnik se \u017eal (\u0161e) ne vrne \u2022 20.04.2023 Prve dirke s to\u010dkami za leto\u0161nji slovenski pokal v spustu 20chocolate Downhill Cup \u017eal zagotovo ne bo v Kamniku. Prisluhnimo Luku Bergincu Prisluhnimo Luku Bergincu \u2022 17.04.2023 Lanski zmagovalec evropskega pokala v spustu pred kamero in mikrofonom, vpra\u0161anja pa zastavlja Kristjan Vre\u010dek. Golovec trails test day: Video Golovec trails test day: Video \u2022 11.04.2023 Kristjan Vre\u010dek z mikrofonom, stotnija udele\u017eencev na progi in An\u017ee Furlan za kamero. Pa imamo prvi akcijski video sezone. Golovec trails test day: Fotogalerija Golovec trails test day: Fotogalerija \u2022\u2026<\/p>\n","protected":false},"author":8,"featured_media":0,"parent":0,"menu_order":0,"comment_status":"closed","ping_status":"closed","template":"","meta":[],"blocksy_meta":"","_links":{"self":[{"href":"https:\/\/slodhcup.pumptrack.si\/en\/wp-json\/wp\/v2\/pages\/50374"}],"collection":[{"href":"https:\/\/slodhcup.pumptrack.si\/en\/wp-json\/wp\/v2\/pages"}],"about":[{"href":"https:\/\/slodhcup.pumptrack.si\/en\/wp-json\/wp\/v2\/types\/page"}],"author":[{"embeddable":true,"href":"https:\/\/slodhcup.pumptrack.si\/en\/wp-json\/wp\/v2\/users\/8"}],"replies":[{"embeddable":true,"href":"https:\/\/slodhcup.pumptrack.si\/en\/wp-json\/wp\/v2\/comments?post=50374"}],"version-history":[{"count":268,"href":"https:\/\/slodhcup.pumptrack.si\/en\/wp-json\/wp\/v2\/pages\/50374\/revisions"}],"predecessor-version":[{"id":52221,"href":"https:\/\/slodhcup.pumptrack.si\/en\/wp-json\/wp\/v2\/pages\/50374\/revisions\/52221"}],"wp:attachment":[{"href":"https:\/\/slodhcup.pumptrack.si\/en\/wp-json\/wp\/v2\/media?parent=50374"}],"curies":[{"name":"wp","href":"https:\/\/api.w.org\/{rel}","templated":true}]}}